{"id":57,"date":"2022-06-16T15:26:23","date_gmt":"2022-06-16T15:26:23","guid":{"rendered":"http:\/\/extranet.magnadian.com\/tierradelvino\/?page_id=57"},"modified":"2022-10-07T08:51:48","modified_gmt":"2022-10-07T08:51:48","slug":"consejo-regulador-denominacion-de-origen-tierra-del-vino-de-zamora-plaza-mayor-1-49708-villanueva-de-campean-zamora-espana-tlf-fax-980-560-055-infotierradelvino-net-www-tierradelvino-net-faceboo","status":"publish","type":"page","link":"https:\/\/www.tierradelvino.net\/?page_id=57","title":{"rendered":"Contacto"},"content":{"rendered":"\n<figure class=\"wp-block-image size-full\"><img loading=\"lazy\" decoding=\"async\" width=\"1280\" height=\"580\" src=\"https:\/\/extranet.magnadian.com\/tierradelvino\/wp-content\/uploads\/2022\/07\/05_tierra_del_vino_contacto.jpg\" alt=\"\" class=\"wp-image-201\" srcset=\"https:\/\/www.tierradelvino.net\/wp-content\/uploads\/2022\/07\/05_tierra_del_vino_contacto.jpg 1280w, https:\/\/www.tierradelvino.net\/wp-content\/uploads\/2022\/07\/05_tierra_del_vino_contacto-300x136.jpg 300w, https:\/\/www.tierradelvino.net\/wp-content\/uploads\/2022\/07\/05_tierra_del_vino_contacto-1024x464.jpg 1024w, https:\/\/www.tierradelvino.net\/wp-content\/uploads\/2022\/07\/05_tierra_del_vino_contacto-768x348.jpg 768w\" sizes=\"auto, (max-width: 1280px) 100vw, 1280px\" \/><\/figure>\n\n\n\n<div class=\"wp-block-columns is-layout-flex wp-container-core-columns-is-layout-9d6595d7 wp-block-columns-is-layout-flex\">\n<div class=\"wp-block-column is-layout-flow wp-block-column-is-layout-flow\" style=\"flex-basis:40%\">\n<div class=\"wp-block-group\"><div class=\"wp-block-group__inner-container is-layout-flow wp-block-group-is-layout-flow\">\n<p>Consejo Regulador<\/p>\n\n\n\n<p><strong>DENOMINACI\u00d3N DE ORIGEN<\/strong><\/p>\n\n\n\n<p><strong>TIERRA DEL VINO DE ZAMORA<\/strong><\/p>\n\n\n\n<p>Plaza Mayor, 1<\/p>\n\n\n\n<p>49708 Villanueva de Campe\u00e1n<\/p>\n\n\n\n<p>Zamora (Espa\u00f1a)<\/p>\n\n\n\n<p>Tlf.\/Fax: 980 560 055<br><\/p>\n\n\n\n<p><a href=\"mailto:info@tierradelvino.net\">info@tierradelvino.net<\/a><\/p>\n\n\n\n<p><a href=\"https:\/\/www.tierradelvino.net\/\">www.tierradelvino.net<\/a><\/p>\n\n\n\n<p><a href=\"http:\/\/www.facebook.com\/tierradelvino\">Facebook TIERRA DEL VINO<\/a><\/p>\n<\/div><\/div>\n<\/div>\n\n\n\n<div class=\"wp-block-column is-layout-flow wp-block-column-is-layout-flow\" style=\"flex-basis:50%\">\n<iframe src=\"https:\/\/www.google.com\/maps\/embed?pb=!1m18!1m12!1m3!1d727.4200789732973!2d-5.769137815863215!3d41.353651052436845!2m3!1f0!2f0!3f0!3m2!1i1024!2i768!4f13.1!3m3!1m2!1s0x0%3A0x8d97da2bf759f9a0!2sC.R.D.O.%20Tierra%20del%20Vino%20de%20Zamora!5e0!3m2!1ses!2ses!4v1658433237222!5m2!1ses!2ses\" style=\"border:0;\" allowfullscreen=\"\" loading=\"lazy\" referrerpolicy=\"no-referrer-when-downgrade\" width=\"800\" height=\"600\"><\/iframe>\n<\/div>\n<\/div>\n\n\n<div class=\"wp-block-image espacioBajoImagen\">\n<figure class=\"aligncenter size-full is-resized\"><img loading=\"lazy\" decoding=\"async\" src=\"https:\/\/extranet.magnadian.com\/tierradelvino\/wp-content\/uploads\/2022\/07\/110_foto_tierra_del_vino.jpg\" alt=\"\" class=\"wp-image-388\" width=\"960\" height=\"371\" srcset=\"https:\/\/www.tierradelvino.net\/wp-content\/uploads\/2022\/07\/110_foto_tierra_del_vino.jpg 1280w, https:\/\/www.tierradelvino.net\/wp-content\/uploads\/2022\/07\/110_foto_tierra_del_vino-300x116.jpg 300w, https:\/\/www.tierradelvino.net\/wp-content\/uploads\/2022\/07\/110_foto_tierra_del_vino-768x296.jpg 768w\" sizes=\"auto, (max-width: 960px) 100vw, 960px\" \/><\/figure>\n<\/div>\n\n<div class=\"wp-block-image espacioBajoImagen\">\n<figure class=\"aligncenter size-full is-resized\"><img loading=\"lazy\" decoding=\"async\" src=\"https:\/\/extranet.magnadian.com\/tierradelvino\/wp-content\/uploads\/2022\/07\/111_foto_tierra_del_vino.jpg\" alt=\"\" class=\"wp-image-434\" width=\"960\" height=\"435\" srcset=\"https:\/\/www.tierradelvino.net\/wp-content\/uploads\/2022\/07\/111_foto_tierra_del_vino.jpg 1280w, https:\/\/www.tierradelvino.net\/wp-content\/uploads\/2022\/07\/111_foto_tierra_del_vino-300x136.jpg 300w, https:\/\/www.tierradelvino.net\/wp-content\/uploads\/2022\/07\/111_foto_tierra_del_vino-768x348.jpg 768w\" sizes=\"auto, (max-width: 960px) 100vw, 960px\" \/><\/figure>\n<\/div>\n\n<div class=\"wp-block-image\">\n<figure class=\"aligncenter size-full is-resized\"><img loading=\"lazy\" decoding=\"async\" src=\"https:\/\/extranet.magnadian.com\/tierradelvino\/wp-content\/uploads\/2022\/07\/114_foto_tierra_del_vino.jpg\" alt=\"\" class=\"wp-image-438\" width=\"960\" height=\"570\" srcset=\"https:\/\/www.tierradelvino.net\/wp-content\/uploads\/2022\/07\/114_foto_tierra_del_vino.jpg 1280w, https:\/\/www.tierradelvino.net\/wp-content\/uploads\/2022\/07\/114_foto_tierra_del_vino-300x178.jpg 300w, https:\/\/www.tierradelvino.net\/wp-content\/uploads\/2022\/07\/114_foto_tierra_del_vino-768x456.jpg 768w\" sizes=\"auto, (max-width: 960px) 100vw, 960px\" \/><\/figure>\n<\/div>","protected":false},"excerpt":{"rendered":"<p>Consejo Regulador DENOMINACI\u00d3N DE ORIGEN TIERRA DEL VINO DE ZAMORA Plaza Mayor, 1 49708 Villanueva de Campe\u00e1n Zamora (Espa\u00f1a) Tlf.\/Fax:<\/p>\n<p><a href=\"https:\/\/www.tierradelvino.net\/?page_id=57\" class=\"more-link\">Seguir leyendo<span class=\"screen-reader-text\">Contacto<\/span><\/a><\/p>\n","protected":false},"author":1,"featured_media":0,"parent":0,"menu_order":0,"comment_status":"closed","ping_status":"closed","template":"","meta":{"footnotes":""},"class_list":["post-57","page","type-page","status-publish","hentry"],"_links":{"self":[{"href":"https:\/\/www.tierradelvino.net\/index.php?rest_route=\/wp\/v2\/pages\/57","targetHints":{"allow":["GET"]}}],"collection":[{"href":"https:\/\/www.tierradelvino.net\/index.php?rest_route=\/wp\/v2\/pages"}],"about":[{"href":"https:\/\/www.tierradelvino.net\/index.php?rest_route=\/wp\/v2\/types\/page"}],"author":[{"embeddable":true,"href":"https:\/\/www.tierradelvino.net\/index.php?rest_route=\/wp\/v2\/users\/1"}],"replies":[{"embeddable":true,"href":"https:\/\/www.tierradelvino.net\/index.php?rest_route=%2Fwp%2Fv2%2Fcomments&post=57"}],"version-history":[{"count":18,"href":"https:\/\/www.tierradelvino.net\/index.php?rest_route=\/wp\/v2\/pages\/57\/revisions"}],"predecessor-version":[{"id":576,"href":"https:\/\/www.tierradelvino.net\/index.php?rest_route=\/wp\/v2\/pages\/57\/revisions\/576"}],"wp:attachment":[{"href":"https:\/\/www.tierradelvino.net\/index.php?rest_route=%2Fwp%2Fv2%2Fmedia&parent=57"}],"curies":[{"name":"wp","href":"https:\/\/api.w.org\/{rel}","templated":true}]}}