{"id":49,"date":"2022-06-16T15:26:23","date_gmt":"2022-06-16T15:26:23","guid":{"rendered":"http:\/\/extranet.magnadian.com\/tierradelvino\/?page_id=49"},"modified":"2022-10-07T08:49:16","modified_gmt":"2022-10-07T08:49:16","slug":"la-comarca-de-tierra-del-vino-se-encuentra-situada-en-ambas-margenes-del-rio-duero-a-su-paso-por-la-provincia-de-zamora-y-esta-recorrida-de-norte-a-sur-por-la-romana-via-de-la-plata","status":"publish","type":"page","link":"https:\/\/www.tierradelvino.net\/?page_id=49","title":{"rendered":"Tierra del Vino"},"content":{"rendered":"\n<figure class=\"wp-block-image size-full\"><img loading=\"lazy\" decoding=\"async\" width=\"1280\" height=\"580\" src=\"https:\/\/extranet.magnadian.com\/tierradelvino\/wp-content\/uploads\/2022\/07\/01_tierra_del_vino.jpg\" alt=\"\" class=\"wp-image-197\" srcset=\"https:\/\/www.tierradelvino.net\/wp-content\/uploads\/2022\/07\/01_tierra_del_vino.jpg 1280w, https:\/\/www.tierradelvino.net\/wp-content\/uploads\/2022\/07\/01_tierra_del_vino-300x136.jpg 300w, https:\/\/www.tierradelvino.net\/wp-content\/uploads\/2022\/07\/01_tierra_del_vino-1024x464.jpg 1024w, https:\/\/www.tierradelvino.net\/wp-content\/uploads\/2022\/07\/01_tierra_del_vino-768x348.jpg 768w\" sizes=\"auto, (max-width: 1280px) 100vw, 1280px\" \/><\/figure>\n\n\n\n<p>La <strong>Comarca de \u201cTierra del Vino\u201d<\/strong> se encuentra situada en ambas m\u00e1rgenes del r\u00edo Duero a su paso por la provincia de Zamora, y est\u00e1 recorrida de norte a sur por la romana V\u00eda de la Plata. Comprende una superficie total de 1.799 Km. cuadrados distribuidos entre un total de 56&nbsp; municipios, 46 en la provincia de Zamora y 10 en la provincia de Salamanca.<\/p>\n\n\n\n<p>\u201cTierra del Vino\u201d cuenta con <strong>Denominaci\u00f3n de Origen<\/strong> desde el 28\/04\/2007, fecha de entrada en vigor de la Orden AYG\/782\/2007, de 24 de abril.<\/p>\n\n\n\n<p><\/p>\n\n\n<div class=\"wp-block-image espacioBajoImagen\">\n<figure class=\"aligncenter size-full is-resized\"><img loading=\"lazy\" decoding=\"async\" src=\"https:\/\/extranet.magnadian.com\/tierradelvino\/wp-content\/uploads\/2022\/07\/100_mapa_tierra_del_vino_2.jpg\" alt=\"\" class=\"wp-image-401\" width=\"960\" height=\"495\" srcset=\"https:\/\/www.tierradelvino.net\/wp-content\/uploads\/2022\/07\/100_mapa_tierra_del_vino_2.jpg 1280w, https:\/\/www.tierradelvino.net\/wp-content\/uploads\/2022\/07\/100_mapa_tierra_del_vino_2-300x155.jpg 300w, https:\/\/www.tierradelvino.net\/wp-content\/uploads\/2022\/07\/100_mapa_tierra_del_vino_2-768x396.jpg 768w\" sizes=\"auto, (max-width: 960px) 100vw, 960px\" \/><\/figure>\n<\/div>\n\n\n<p>El Clima de \u201cTierra del Vino\u201d es continental, extremado y \u00e1rido, con inviernos muy fr\u00edos y veranos secos y calurosos. La temperatura media invernal no supera los 3\u00ba C y la estival alcanza los 23\u00ba C. Las precipitaciones son escasas y su media anual apenas llega a los 400 mm. La altitud media de nuestra comarca se sit\u00faa alrededor de los 750 m. sobre el nivel del mar.<\/p>\n\n\n<div class=\"wp-block-image espacioBajoImagen\">\n<figure class=\"aligncenter size-full is-resized\"><img loading=\"lazy\" decoding=\"async\" src=\"https:\/\/extranet.magnadian.com\/tierradelvino\/wp-content\/uploads\/2022\/07\/101_foto_tierra_del_vino.jpg\" alt=\"\" class=\"wp-image-382\" width=\"960\" height=\"570\" srcset=\"https:\/\/www.tierradelvino.net\/wp-content\/uploads\/2022\/07\/101_foto_tierra_del_vino.jpg 1280w, https:\/\/www.tierradelvino.net\/wp-content\/uploads\/2022\/07\/101_foto_tierra_del_vino-300x178.jpg 300w, https:\/\/www.tierradelvino.net\/wp-content\/uploads\/2022\/07\/101_foto_tierra_del_vino-768x456.jpg 768w\" sizes=\"auto, (max-width: 960px) 100vw, 960px\" \/><\/figure>\n<\/div>\n\n<div class=\"wp-block-image espacioBajoImagen\">\n<figure class=\"aligncenter size-full is-resized\"><img loading=\"lazy\" decoding=\"async\" src=\"https:\/\/extranet.magnadian.com\/tierradelvino\/wp-content\/uploads\/2022\/07\/113_foto_tierra_del_vino.jpg\" alt=\"\" class=\"wp-image-383\" width=\"960\" height=\"570\" srcset=\"https:\/\/www.tierradelvino.net\/wp-content\/uploads\/2022\/07\/113_foto_tierra_del_vino.jpg 1280w, https:\/\/www.tierradelvino.net\/wp-content\/uploads\/2022\/07\/113_foto_tierra_del_vino-300x178.jpg 300w, https:\/\/www.tierradelvino.net\/wp-content\/uploads\/2022\/07\/113_foto_tierra_del_vino-768x456.jpg 768w\" sizes=\"auto, (max-width: 960px) 100vw, 960px\" \/><\/figure>\n<\/div>\n\n\n<p>\u201cTierra del Vino\u201d est\u00e1 cruzada por m\u00faltiples cauces fluviales, por lo que los <strong>Suelos<\/strong> de nuestra comarca tienen un marcado car\u00e1cter aluvial.Son suelos profundos, pobres en materia org\u00e1nica, muy permeables y con buena capacidad de retenci\u00f3n. En profundidad son muy arcillosos. En superficie, en las llanuras la presencia de arena es muy frecuente, en las laderas comienzan a aparecer las gravas y en los altos predominan los guijarros.<\/p>\n\n\n<div class=\"wp-block-image espacioBajoImagen\">\n<figure class=\"aligncenter size-full is-resized\"><img loading=\"lazy\" decoding=\"async\" src=\"https:\/\/extranet.magnadian.com\/tierradelvino\/wp-content\/uploads\/2022\/07\/104_foto_tierra_del_vino.jpg\" alt=\"\" class=\"wp-image-384\" width=\"960\" height=\"570\" srcset=\"https:\/\/www.tierradelvino.net\/wp-content\/uploads\/2022\/07\/104_foto_tierra_del_vino.jpg 1280w, https:\/\/www.tierradelvino.net\/wp-content\/uploads\/2022\/07\/104_foto_tierra_del_vino-300x178.jpg 300w, https:\/\/www.tierradelvino.net\/wp-content\/uploads\/2022\/07\/104_foto_tierra_del_vino-768x456.jpg 768w\" sizes=\"auto, (max-width: 960px) 100vw, 960px\" \/><\/figure>\n<\/div>\n\n<div class=\"wp-block-image\">\n<figure class=\"aligncenter size-full is-resized\"><img loading=\"lazy\" decoding=\"async\" src=\"https:\/\/extranet.magnadian.com\/tierradelvino\/wp-content\/uploads\/2022\/07\/108_foto_tierra_del_vino.jpg\" alt=\"\" class=\"wp-image-436\" width=\"960\" height=\"720\" srcset=\"https:\/\/www.tierradelvino.net\/wp-content\/uploads\/2022\/07\/108_foto_tierra_del_vino.jpg 1280w, https:\/\/www.tierradelvino.net\/wp-content\/uploads\/2022\/07\/108_foto_tierra_del_vino-300x225.jpg 300w, https:\/\/www.tierradelvino.net\/wp-content\/uploads\/2022\/07\/108_foto_tierra_del_vino-768x576.jpg 768w, https:\/\/www.tierradelvino.net\/wp-content\/uploads\/2022\/07\/108_foto_tierra_del_vino-440x330.jpg 440w, https:\/\/www.tierradelvino.net\/wp-content\/uploads\/2022\/07\/108_foto_tierra_del_vino-920x690.jpg 920w\" sizes=\"auto, (max-width: 960px) 100vw, 960px\" \/><\/figure>\n<\/div>","protected":false},"excerpt":{"rendered":"<p>La Comarca de \u201cTierra del Vino\u201d se encuentra situada en ambas m\u00e1rgenes del r\u00edo Duero a su paso por la<\/p>\n<p><a href=\"https:\/\/www.tierradelvino.net\/?page_id=49\" class=\"more-link\">Seguir leyendo<span class=\"screen-reader-text\">Tierra del Vino<\/span><\/a><\/p>\n","protected":false},"author":1,"featured_media":0,"parent":0,"menu_order":0,"comment_status":"closed","ping_status":"closed","template":"","meta":{"footnotes":""},"class_list":["post-49","page","type-page","status-publish","hentry"],"_links":{"self":[{"href":"https:\/\/www.tierradelvino.net\/index.php?rest_route=\/wp\/v2\/pages\/49","targetHints":{"allow":["GET"]}}],"collection":[{"href":"https:\/\/www.tierradelvino.net\/index.php?rest_route=\/wp\/v2\/pages"}],"about":[{"href":"https:\/\/www.tierradelvino.net\/index.php?rest_route=\/wp\/v2\/types\/page"}],"author":[{"embeddable":true,"href":"https:\/\/www.tierradelvino.net\/index.php?rest_route=\/wp\/v2\/users\/1"}],"replies":[{"embeddable":true,"href":"https:\/\/www.tierradelvino.net\/index.php?rest_route=%2Fwp%2Fv2%2Fcomments&post=49"}],"version-history":[{"count":19,"href":"https:\/\/www.tierradelvino.net\/index.php?rest_route=\/wp\/v2\/pages\/49\/revisions"}],"predecessor-version":[{"id":573,"href":"https:\/\/www.tierradelvino.net\/index.php?rest_route=\/wp\/v2\/pages\/49\/revisions\/573"}],"wp:attachment":[{"href":"https:\/\/www.tierradelvino.net\/index.php?rest_route=%2Fwp%2Fv2%2Fmedia&parent=49"}],"curies":[{"name":"wp","href":"https:\/\/api.w.org\/{rel}","templated":true}]}}