{"id":460,"date":"2022-07-21T11:58:21","date_gmt":"2022-07-21T11:58:21","guid":{"rendered":"https:\/\/extranet.magnadian.com\/tierradelvino\/?page_id=460"},"modified":"2022-10-18T19:59:20","modified_gmt":"2022-10-18T19:59:20","slug":"wineries","status":"publish","type":"page","link":"https:\/\/www.tierradelvino.net\/?page_id=460&lang=en","title":{"rendered":"Wineries"},"content":{"rendered":"\n<figure class=\"wp-block-image\"><img decoding=\"async\" src=\"https:\/\/extranet.magnadian.com\/tierradelvino\/wp-content\/uploads\/2022\/07\/04_tierra_del_vino_bodegas.jpg\" alt=\"\"\/><\/figure>\n\n\n\n<div class=\"wp-block-group\"><div class=\"wp-block-group__inner-container is-layout-flow wp-block-group-is-layout-flow\">\n<p class=\"has-text-align-center\"><strong><strong><strong>BODEGA VI\u00d1AS ZAMORANAS<\/strong>&nbsp;<\/strong> <\/strong><\/p>\n\n\n\n<div class=\"wp-block-columns are-vertically-aligned-center cajaBodega is-layout-flex wp-container-core-columns-is-layout-9d6595d7 wp-block-columns-is-layout-flex\">\n<div class=\"wp-block-column is-vertically-aligned-center is-layout-flow wp-block-column-is-layout-flow\"><div class=\"wp-block-image\">\n<figure class=\"aligncenter size-full is-resized\"><img loading=\"lazy\" decoding=\"async\" src=\"https:\/\/extranet.magnadian.com\/tierradelvino\/wp-content\/uploads\/2022\/07\/logobodegaszamoranas.jpg\" alt=\"\" class=\"wp-image-167\" width=\"274\" height=\"226\"\/><\/figure>\n<\/div><\/div>\n\n\n\n<div class=\"wp-block-column is-vertically-aligned-center is-layout-flow wp-block-column-is-layout-flow\">\n<p>Ctra. Estaci\u00f3n, s\/n<br> 49530 Coreses (Zamora)<\/p>\n\n\n\n<p>980500995 \/ 670895730<\/p>\n\n\n\n<p>Fax 980500611<\/p>\n<\/div>\n\n\n\n<div class=\"wp-block-column is-vertically-aligned-center is-layout-flow wp-block-column-is-layout-flow\">\n<p><a href=\"mailto:info@hotel-convento.com\">info@hotel-convento.com<\/a><\/p>\n\n\n\n<p><a href=\"http:\/\/www.hotel-convento.com\/\">www.hotel-convento.com<\/a><\/p>\n<\/div>\n<\/div>\n<\/div><\/div>\n\n\n\n<div class=\"wp-block-group\"><div class=\"wp-block-group__inner-container is-layout-flow wp-block-group-is-layout-flow\">\n<p class=\"has-text-align-center\"><strong><strong>BODEGAS TESO BLANCO&nbsp;<\/strong> <\/strong><\/p>\n\n\n\n<div class=\"wp-block-columns cajaBodega is-layout-flex wp-container-core-columns-is-layout-9d6595d7 wp-block-columns-is-layout-flex\">\n<div class=\"wp-block-column is-layout-flow wp-block-column-is-layout-flow\"><div class=\"wp-block-image\">\n<figure class=\"aligncenter size-full is-resized\"><img loading=\"lazy\" decoding=\"async\" src=\"https:\/\/extranet.magnadian.com\/tierradelvino\/wp-content\/uploads\/2022\/06\/tesolaencina.jpg\" alt=\"\" class=\"wp-image-38\" width=\"274\" height=\"164\"\/><\/figure>\n<\/div><\/div>\n\n\n\n<div class=\"wp-block-column is-vertically-aligned-top is-layout-flow wp-block-column-is-layout-flow\">\n<p>C\/ Larga, 12<br>49709 Caba\u00f1as de Sayago<br> Zamora<\/p>\n\n\n\n<p>980577820 \/ 620748253<\/p>\n<\/div>\n\n\n\n<div class=\"wp-block-column is-vertically-aligned-center is-layout-flow wp-block-column-is-layout-flow\">\n<p class=\"has-text-align-left\"><a href=\"mailto:tesoblanco@gmail.com\">tesoblanco@gmail.com<\/a><\/p>\n<\/div>\n<\/div>\n<\/div><\/div>\n\n\n\n<div class=\"wp-block-group\"><div class=\"wp-block-group__inner-container is-layout-flow wp-block-group-is-layout-flow\">\n<p class=\"has-text-align-center\"><strong>BODEGAS EL SOTO<\/strong> <\/p>\n\n\n\n<div class=\"wp-block-columns are-vertically-aligned-center cajaBodega is-layout-flex wp-container-core-columns-is-layout-9d6595d7 wp-block-columns-is-layout-flex\">\n<div class=\"wp-block-column is-vertically-aligned-center is-layout-flow wp-block-column-is-layout-flow\"><div class=\"wp-block-image\">\n<figure class=\"aligncenter size-full is-resized\"><img loading=\"lazy\" decoding=\"async\" src=\"https:\/\/extranet.magnadian.com\/tierradelvino\/wp-content\/uploads\/2022\/07\/logo-bodegaelsoto.jpg\" alt=\"\" class=\"wp-image-161\" width=\"274\" height=\"205\" srcset=\"https:\/\/www.tierradelvino.net\/wp-content\/uploads\/2022\/07\/logo-bodegaelsoto.jpg 800w, https:\/\/www.tierradelvino.net\/wp-content\/uploads\/2022\/07\/logo-bodegaelsoto-300x225.jpg 300w, https:\/\/www.tierradelvino.net\/wp-content\/uploads\/2022\/07\/logo-bodegaelsoto-768x576.jpg 768w, https:\/\/www.tierradelvino.net\/wp-content\/uploads\/2022\/07\/logo-bodegaelsoto-440x330.jpg 440w\" sizes=\"auto, (max-width: 274px) 100vw, 274px\" \/><\/figure>\n<\/div><\/div>\n\n\n\n<div class=\"wp-block-column is-vertically-aligned-center is-layout-flow wp-block-column-is-layout-flow\">\n<p>Ctra. Circunvalaci\u00f3n, s\/n<br>49708 Villanueva de Campe\u00e1n<br>(Zamora)<\/p>\n\n\n\n<p>980560330 \/ 667646684<\/p>\n\n\n\n<p>Fax 980560330<\/p>\n<\/div>\n\n\n\n<div class=\"wp-block-column is-vertically-aligned-center is-layout-flow wp-block-column-is-layout-flow\">\n<p><a href=\"mailto:info@bodegaselsoto.com\">info@bodegaselsoto.com<\/a><\/p>\n\n\n\n<p><a href=\"http:\/\/www.bodegaselsoto.com\/\">www.bodegaselsoto.com<\/a><\/p>\n\n\n\n<p>fb: <a href=\"https:\/\/www.facebook.com\/bodegaselsoto\">bodegaselsoto<\/a><\/p>\n<\/div>\n<\/div>\n<\/div><\/div>\n\n\n\n<div class=\"wp-block-group\"><div class=\"wp-block-group__inner-container is-layout-flow wp-block-group-is-layout-flow\">\n<p class=\"has-text-align-center\"><strong><strong><strong>BODEGAS Y VI\u00d1EDOS SE\u00d1OR\u00cdO DE BOCOS<\/strong><\/strong> <\/strong><\/p>\n\n\n\n<div class=\"wp-block-columns are-vertically-aligned-center cajaBodega is-layout-flex wp-container-core-columns-is-layout-9d6595d7 wp-block-columns-is-layout-flex\">\n<div class=\"wp-block-column is-vertically-aligned-center is-layout-flow wp-block-column-is-layout-flow\"><div class=\"wp-block-image\">\n<figure class=\"aligncenter size-full is-resized\"><img loading=\"lazy\" decoding=\"async\" src=\"https:\/\/extranet.magnadian.com\/tierradelvino\/wp-content\/uploads\/2022\/07\/BOCCOS.jpg\" alt=\"\" class=\"wp-image-173\" width=\"274\" height=\"174\"\/><\/figure>\n<\/div><\/div>\n\n\n\n<div class=\"wp-block-column is-vertically-aligned-center is-layout-flow wp-block-column-is-layout-flow\">\n<p>Ctra. Cubo del Vino, s\/n<br>49719 Villamor de los Escuderos<br> (Zamora)<\/p>\n\n\n\n<p>980609204 \/ 679475816<br>Fax 980609154<\/p>\n<\/div>\n\n\n\n<div class=\"wp-block-column is-vertically-aligned-center is-layout-flow wp-block-column-is-layout-flow\">\n<p><a href=\"mailto:escuderos@senoriodebocos.com\">escuderos@senoriodebocos.com<\/a><\/p>\n\n\n\n<p><a href=\"http:\/\/www.senoriodebocos.com\/\">www.senoriodebocos.com<\/a><\/p>\n\n\n\n<p>fb: <a href=\"https:\/\/www.facebook.com\/senoriodebocos\">senoriodebocos<\/a><\/p>\n<\/div>\n<\/div>\n<\/div><\/div>\n\n\n\n<div class=\"wp-block-group\"><div class=\"wp-block-group__inner-container is-layout-flow wp-block-group-is-layout-flow\">\n<p class=\"has-text-align-center\"><strong>VI\u00d1AS DEL C\u00c9NIT<\/strong><\/p>\n\n\n\n<div class=\"wp-block-columns cajaBodega is-layout-flex wp-container-core-columns-is-layout-9d6595d7 wp-block-columns-is-layout-flex\">\n<div class=\"wp-block-column is-layout-flow wp-block-column-is-layout-flow\"><div class=\"wp-block-image\">\n<figure class=\"aligncenter size-full is-resized\"><img loading=\"lazy\" decoding=\"async\" src=\"https:\/\/extranet.magnadian.com\/tierradelvino\/wp-content\/uploads\/2022\/07\/logoVinasCenit-1.png\" alt=\"\" class=\"wp-image-174\" width=\"274\" height=\"150\"\/><\/figure>\n<\/div><\/div>\n\n\n\n<div class=\"wp-block-column is-vertically-aligned-top is-layout-flow wp-block-column-is-layout-flow\">\n<p>Ctra. Circunvalaci\u00f3n, s\/n<br>49708 Villanueva de Campe\u00e1n<br>(Zamora)<\/p>\n\n\n\n<p>980569346 \/ 616289795<br>Fax: 983440006<\/p>\n<\/div>\n\n\n\n<div class=\"wp-block-column is-vertically-aligned-center is-layout-flow wp-block-column-is-layout-flow\">\n<p><a href=\"mailto:info@bodegascenit.com\">info@bodegascenit.com<\/a><\/p>\n\n\n\n<p><a href=\"http:\/\/www.bodegascenit.com\/\">www.bodegascenit.com<\/a><\/p>\n<\/div>\n<\/div>\n<\/div><\/div>\n\n\n\n<div class=\"wp-block-group\"><div class=\"wp-block-group__inner-container is-layout-flow wp-block-group-is-layout-flow\">\n<p class=\"has-text-align-center\"><strong>BODEGA JARRE\u00d1O <\/strong><\/p>\n\n\n\n<div class=\"wp-block-columns cajaBodega is-layout-flex wp-container-core-columns-is-layout-9d6595d7 wp-block-columns-is-layout-flex\">\n<div class=\"wp-block-column is-vertically-aligned-center is-layout-flow wp-block-column-is-layout-flow\" style=\"flex-basis:33.33%\"><div class=\"wp-block-image\">\n<figure class=\"aligncenter size-full is-resized\"><img loading=\"lazy\" decoding=\"async\" src=\"https:\/\/extranet.magnadian.com\/tierradelvino\/wp-content\/uploads\/2022\/06\/guillermofreire.jpg\" alt=\"\" class=\"wp-image-31\" width=\"274\" height=\"164\"\/><\/figure>\n<\/div><\/div>\n\n\n\n<div class=\"wp-block-column is-vertically-aligned-center is-layout-flow wp-block-column-is-layout-flow\" style=\"flex-basis:33.33%\">\n<p>Calle Pozo, 33<br> 49150 Moraleja del Vino<br>(Zamora)<\/p>\n\n\n\n<p>980571188 \/ 655925127<\/p>\n<\/div>\n\n\n\n<div class=\"wp-block-column is-vertically-aligned-center is-layout-flow wp-block-column-is-layout-flow\" style=\"flex-basis:33.33%\">\n<p class=\"has-text-align-left\"><a href=\"mailto:bodegaguillermofreire@gmail.com\">bodegaguillermofreire@gmail.com<\/a><\/p>\n<\/div>\n<\/div>\n<\/div><\/div>\n\n\n\n<div class=\"wp-block-group\"><div class=\"wp-block-group__inner-container is-layout-flow wp-block-group-is-layout-flow\">\n<p class=\"has-text-align-center\"><strong><strong>BODEGAS VALCABADINO<\/strong> <\/strong><\/p>\n\n\n\n<div class=\"wp-block-columns cajaBodega is-layout-flex wp-container-core-columns-is-layout-9d6595d7 wp-block-columns-is-layout-flex\">\n<div class=\"wp-block-column is-layout-flow wp-block-column-is-layout-flow\"><div class=\"wp-block-image\">\n<figure class=\"aligncenter size-full is-resized\"><img loading=\"lazy\" decoding=\"async\" src=\"https:\/\/extranet.magnadian.com\/tierradelvino\/wp-content\/uploads\/2022\/07\/logoBodegaValcabadino-1.png\" alt=\"\" class=\"wp-image-410\" width=\"274\" height=\"117\" srcset=\"https:\/\/www.tierradelvino.net\/wp-content\/uploads\/2022\/07\/logoBodegaValcabadino-1.png 490w, https:\/\/www.tierradelvino.net\/wp-content\/uploads\/2022\/07\/logoBodegaValcabadino-1-300x129.png 300w\" sizes=\"auto, (max-width: 274px) 100vw, 274px\" \/><\/figure>\n<\/div><\/div>\n\n\n\n<div class=\"wp-block-column is-vertically-aligned-top is-layout-flow wp-block-column-is-layout-flow\">\n<p>Ctra Nacional 122 km. 463<br>Paraje Valcabadino<br>49026 Zamora<\/p>\n\n\n\n<p>980569391 \/ 622003299<\/p>\n<\/div>\n\n\n\n<div class=\"wp-block-column is-vertically-aligned-center is-layout-flow wp-block-column-is-layout-flow\">\n<p class=\"has-text-align-left has-small-font-size\"><a href=\"mailto:bodegasvalcabadino@bodegasvalcabadino.es\">bodegasvalcabadino@bodegasvalcabadino.es<\/a><\/p>\n\n\n\n<p class=\"has-text-align-left has-small-font-size\"><a href=\"http:\/\/www.bodegasvalcabadino.es\">www.bodegasvalcabadino.es<\/a><\/p>\n<\/div>\n<\/div>\n<\/div><\/div>\n\n\n\n<div class=\"wp-block-group\"><div class=\"wp-block-group__inner-container is-layout-flow wp-block-group-is-layout-flow\">\n<p class=\"has-text-align-center\"><strong>BODEGA VI\u00d1A VER<strong>&nbsp;<\/strong> <\/strong><\/p>\n\n\n\n<div class=\"wp-block-columns are-vertically-aligned-center cajaBodega is-layout-flex wp-container-core-columns-is-layout-9d6595d7 wp-block-columns-is-layout-flex\">\n<div class=\"wp-block-column is-vertically-aligned-center is-layout-flow wp-block-column-is-layout-flow\"><div class=\"wp-block-image\">\n<figure class=\"aligncenter size-full is-resized\"><img loading=\"lazy\" decoding=\"async\" src=\"https:\/\/extranet.magnadian.com\/tierradelvino\/wp-content\/uploads\/2022\/07\/logo_vinaver_cabecera_transparente_pequena.png\" alt=\"\" class=\"wp-image-166\" width=\"274\" height=\"107\" srcset=\"https:\/\/www.tierradelvino.net\/wp-content\/uploads\/2022\/07\/logo_vinaver_cabecera_transparente_pequena.png 800w, https:\/\/www.tierradelvino.net\/wp-content\/uploads\/2022\/07\/logo_vinaver_cabecera_transparente_pequena-300x117.png 300w, https:\/\/www.tierradelvino.net\/wp-content\/uploads\/2022\/07\/logo_vinaver_cabecera_transparente_pequena-768x300.png 768w\" sizes=\"auto, (max-width: 274px) 100vw, 274px\" \/><\/figure>\n<\/div><\/div>\n\n\n\n<div class=\"wp-block-column is-vertically-aligned-center is-layout-flow wp-block-column-is-layout-flow\">\n<p>C\/ Poal, 6<br>49700 Corrales del Vino<br>(Zamora)<\/p>\n\n\n\n<p>649860652<\/p>\n<\/div>\n\n\n\n<div class=\"wp-block-column is-vertically-aligned-center is-layout-flow wp-block-column-is-layout-flow\">\n<p><a href=\"mailto:ramiro@vinaver.es\">ramiro@vinaver.es<\/a><\/p>\n\n\n\n<p><a href=\"http:\/\/www.vinaver.es\/\">www.vinaver.es<\/a><\/p>\n\n\n\n<p class=\"has-small-font-size\">fb: <a href=\"https:\/\/www.facebook.com\/Vi%C3%B1a-ver-662368060460137\/\">Vi\u00f1a-ver-662368060460137<\/a><\/p>\n<\/div>\n<\/div>\n<\/div><\/div>\n\n\n\n<div class=\"wp-block-group\"><div class=\"wp-block-group__inner-container is-layout-flow wp-block-group-is-layout-flow\">\n<p class=\"has-text-align-center\"><strong>BODEGA CASTILLO DEL BUEN AMOR<\/strong><\/p>\n\n\n\n<div class=\"wp-block-columns cajaBodega is-layout-flex wp-container-core-columns-is-layout-9d6595d7 wp-block-columns-is-layout-flex\">\n<div class=\"wp-block-column is-vertically-aligned-center is-layout-flow wp-block-column-is-layout-flow\" style=\"flex-basis:33.33%\"><div class=\"wp-block-image\">\n<figure class=\"aligncenter size-full\"><img loading=\"lazy\" decoding=\"async\" width=\"274\" height=\"184\" src=\"https:\/\/extranet.magnadian.com\/tierradelvino\/wp-content\/uploads\/2022\/07\/castillobuenamor.png\" alt=\"\" class=\"wp-image-171\"\/><\/figure>\n<\/div><\/div>\n\n\n\n<div class=\"wp-block-column is-vertically-aligned-center is-layout-flow wp-block-column-is-layout-flow\" style=\"flex-basis:33.33%\">\n<p>Ctra. N-630 km. 317,6<br> Finca Villanueva de Ca\u00f1edo<br> 37799 Villanueva de Ca\u00f1edo<br>(Salamanca)<\/p>\n\n\n\n<p>616362763 \/ 923355002<\/p>\n<\/div>\n\n\n\n<div class=\"wp-block-column is-vertically-aligned-center is-layout-flow wp-block-column-is-layout-flow\" style=\"flex-basis:33.33%\">\n<p><a href=\"mailto:bodega@buenamor.net\">bodega@buenamor.net<\/a><\/p>\n\n\n\n<p><a href=\"http:\/\/www.buenamor.net\/\">www.buenamor.net<\/a><\/p>\n<\/div>\n<\/div>\n<\/div><\/div>\n\n\n\n<div class=\"wp-block-group\"><div class=\"wp-block-group__inner-container is-layout-flow wp-block-group-is-layout-flow\">\n<p class=\"has-text-align-center\"><strong><strong><strong>BODEGAS Y VI\u00d1EDOS SOTERO PINTADO<\/strong><\/strong> <\/strong><\/p>\n\n\n\n<div class=\"wp-block-columns cajaBodega is-layout-flex wp-container-core-columns-is-layout-9d6595d7 wp-block-columns-is-layout-flex\">\n<div class=\"wp-block-column is-vertically-aligned-center is-layout-flow wp-block-column-is-layout-flow\"><div class=\"wp-block-image\">\n<figure class=\"aligncenter size-full is-resized\"><img loading=\"lazy\" decoding=\"async\" src=\"https:\/\/extranet.magnadian.com\/tierradelvino\/wp-content\/uploads\/2022\/07\/SOTERO-PINTADO-ESCUDO-BL.png\" alt=\"\" class=\"wp-image-168\" width=\"274\" height=\"274\"\/><\/figure>\n<\/div><\/div>\n\n\n\n<div class=\"wp-block-column is-vertically-aligned-center is-layout-flow wp-block-column-is-layout-flow\">\n<p>C\/ Jardines, 15<br>49123 Benegiles<br> (Zamora)<\/p>\n\n\n\n<p>605257437<\/p>\n<\/div>\n\n\n\n<div class=\"wp-block-column is-vertically-aligned-center is-layout-flow wp-block-column-is-layout-flow\">\n<p><a href=\"mailto:soteropintado@gmail.com\">soteropintado@gmail.com<\/a><\/p>\n<\/div>\n<\/div>\n<\/div><\/div>\n\n\n\n<div class=\"wp-block-group\"><div class=\"wp-block-group__inner-container is-layout-flow wp-block-group-is-layout-flow\">\n<p class=\"has-text-align-center\"><strong>BODEGA DOMINIO SEXMIL<\/strong><\/p>\n\n\n\n<div class=\"wp-block-columns are-vertically-aligned-center cajaBodega is-layout-flex wp-container-core-columns-is-layout-9d6595d7 wp-block-columns-is-layout-flex\">\n<div class=\"wp-block-column is-vertically-aligned-center is-layout-flow wp-block-column-is-layout-flow\" style=\"flex-basis:33.33%\"><div class=\"wp-block-image\">\n<figure class=\"aligncenter size-medium is-resized\"><img loading=\"lazy\" decoding=\"async\" src=\"https:\/\/extranet.magnadian.com\/tierradelvino\/wp-content\/uploads\/2022\/07\/Logo-DominioSexmil-300x225.jpg\" alt=\"\" class=\"wp-image-159\" width=\"274\" height=\"205\" srcset=\"https:\/\/www.tierradelvino.net\/wp-content\/uploads\/2022\/07\/Logo-DominioSexmil-300x225.jpg 300w, https:\/\/www.tierradelvino.net\/wp-content\/uploads\/2022\/07\/Logo-DominioSexmil-768x575.jpg 768w, https:\/\/www.tierradelvino.net\/wp-content\/uploads\/2022\/07\/Logo-DominioSexmil-440x330.jpg 440w, https:\/\/www.tierradelvino.net\/wp-content\/uploads\/2022\/07\/Logo-DominioSexmil.jpg 800w\" sizes=\"auto, (max-width: 274px) 100vw, 274px\" \/><\/figure>\n<\/div><\/div>\n\n\n\n<div class=\"wp-block-column is-vertically-aligned-center is-layout-flow wp-block-column-is-layout-flow\" style=\"flex-basis:33.33%\">\n<p>C\/ Paz, 34<br>49709 Caba\u00f1as de Sayago <br>(Zamora)<\/p>\n\n\n\n<p>980577820 \/ 620748253<\/p>\n<\/div>\n\n\n\n<div class=\"wp-block-column is-vertically-aligned-center is-layout-flow wp-block-column-is-layout-flow\" style=\"flex-basis:33.33%\">\n<p><a href=\"mailto:bdepazblanco@gmail.com\">bdepazblanco@gmail.com<\/a><\/p>\n<\/div>\n<\/div>\n<\/div><\/div>\n","protected":false},"excerpt":{"rendered":"<p>BODEGA VI\u00d1AS ZAMORANAS&nbsp; Ctra. Estaci\u00f3n, s\/n 49530 Coreses (Zamora) 980500995 \/ 670895730 Fax 980500611 info@hotel-convento.com www.hotel-convento.com BODEGAS TESO BLANCO&nbsp; C\/<\/p>\n<p><a href=\"https:\/\/www.tierradelvino.net\/?page_id=460&#038;lang=en\" class=\"more-link\">Seguir leyendo<span class=\"screen-reader-text\">Wineries<\/span><\/a><\/p>\n","protected":false},"author":1,"featured_media":0,"parent":0,"menu_order":0,"comment_status":"closed","ping_status":"closed","template":"","meta":{"footnotes":""},"class_list":["post-460","page","type-page","status-publish","hentry"],"_links":{"self":[{"href":"https:\/\/www.tierradelvino.net\/index.php?rest_route=\/wp\/v2\/pages\/460","targetHints":{"allow":["GET"]}}],"collection":[{"href":"https:\/\/www.tierradelvino.net\/index.php?rest_route=\/wp\/v2\/pages"}],"about":[{"href":"https:\/\/www.tierradelvino.net\/index.php?rest_route=\/wp\/v2\/types\/page"}],"author":[{"embeddable":true,"href":"https:\/\/www.tierradelvino.net\/index.php?rest_route=\/wp\/v2\/users\/1"}],"replies":[{"embeddable":true,"href":"https:\/\/www.tierradelvino.net\/index.php?rest_route=%2Fwp%2Fv2%2Fcomments&post=460"}],"version-history":[{"count":37,"href":"https:\/\/www.tierradelvino.net\/index.php?rest_route=\/wp\/v2\/pages\/460\/revisions"}],"predecessor-version":[{"id":612,"href":"https:\/\/www.tierradelvino.net\/index.php?rest_route=\/wp\/v2\/pages\/460\/revisions\/612"}],"wp:attachment":[{"href":"https:\/\/www.tierradelvino.net\/index.php?rest_route=%2Fwp%2Fv2%2Fmedia&parent=460"}],"curies":[{"name":"wp","href":"https:\/\/api.w.org\/{rel}","templated":true}]}}